{"id":56,"date":"2025-07-01T15:17:53","date_gmt":"2025-07-01T15:17:53","guid":{"rendered":"https:\/\/oulunjalankulkijat.fi\/?page_id=56"},"modified":"2025-07-01T15:17:53","modified_gmt":"2025-07-01T15:17:53","slug":"tietosuojaseloste","status":"publish","type":"page","link":"https:\/\/oulunjalankulkijat.fi\/index.php\/tietosuojaseloste\/","title":{"rendered":"Tietosuojaseloste"},"content":{"rendered":"\n<h1 class=\"wp-block-heading\"><strong>Rekisteri- ja tietosuojaseloste&nbsp;<\/strong><\/h1>\n\n\n\n<p>T\u00e4m\u00e4 on Oulun jalankulkijat ry EU:n yleisen tietosuoja-asetuksen (GDPR) mukainen rekisteri- ja tietosuojaseloste. Laadittu 29.6.2025.&nbsp;&nbsp;<\/p>\n\n\n\n<h3 class=\"wp-block-heading\"><strong>1. Rekisterinpit\u00e4j\u00e4<\/strong><\/h3>\n\n\n\n<p>Oulun jalankulkijat ry<\/p>\n\n\n\n<p>Y-tunnus: 3510287-5<\/p>\n\n\n\n<p>www.oulunjalankulkijat.fi<\/p>\n\n\n\n<h3 class=\"wp-block-heading\"><strong>2. Rekisterist\u00e4 vastaava yhteyshenkil\u00f6<\/strong><\/h3>\n\n\n\n<p>Yhdistyksen tietosuojavastaava tietosuojavastaava@oulunjalankulkijat.fi.<\/p>\n\n\n\n<h3 class=\"wp-block-heading\"><strong>3. Rekisterin nimi<\/strong><\/h3>\n\n\n\n<p>Oulun jalankulkijat ry:n j\u00e4senrekisteri<\/p>\n\n\n\n<p>&nbsp;<strong>4. Oikeusperuste ja henkil\u00f6tietojen k\u00e4sittelyn tarkoitus<\/strong><\/p>\n\n\n\n<p>EU:n yleisen tietosuoja-asetuksen mukainen oikeusperuste henkil\u00f6tietojen k\u00e4sittelylle on:<\/p>\n\n\n\n<p>-J\u00e4rjest\u00f6n j\u00e4senyyden hoitaminen, kuten j\u00e4senmaksulaskutukseen ja maksusuoritusten kirjaamiseen sek\u00e4 viestint\u00e4\u00e4n. Rekisteritietoja k\u00e4ytet\u00e4\u00e4n vain hallinnollisiin teht\u00e4viin j\u00e4senrekisteriin.<\/p>\n\n\n\n<p>Tietoja ei k\u00e4ytet\u00e4 automatisoituun p\u00e4\u00e4t\u00f6ksentekoon tai profilointiin.&nbsp;<\/p>\n\n\n\n<h3 class=\"wp-block-heading\"><strong>5. Rekisterin tietosis\u00e4lt\u00f6<\/strong><\/h3>\n\n\n\n<p>Rekisteriin tallennettavia tietoja ovat: henkil\u00f6n koko nimi, kotipaikkakunta, yhteystiedot (puhelinnumero, s\u00e4hk\u00f6postiosoite, osoite), tiedot viestint\u00e4valinnoista ja niiden muutoksista, laskutustiedot, muut j\u00e4senyyteen ja viestint\u00e4valintoihin liittyv\u00e4t tiedot.<\/p>\n\n\n\n<p>J\u00e4senille viestit\u00e4\u00e4n p\u00e4\u00e4s\u00e4\u00e4nt\u00f6isesti s\u00e4hk\u00f6postilla. S\u00e4\u00e4nt\u00f6m\u00e4\u00e4r\u00e4iset yhdistyksen asiat viestit\u00e4\u00e4n oman j\u00e4senten s\u00e4hk\u00f6postilistan kautta. T\u00e4m\u00e4n lis\u00e4ksi yhdistyksen j\u00e4senet voivat liitty\u00e4 my\u00f6s toiselle s\u00e4hk\u00f6postilistalle, jossa tiedotetaan laajemmin yhdistyksen tapahtumista sek\u00e4 ajankohtaisista Oulun jalankulkijoihin liittyvist\u00e4 asioista sek\u00e4 ulkopuolisista tapahtumista. Yhdistyksen j\u00e4senill\u00e4 on my\u00f6s mahdollisuus liitty\u00e4 yhdistyksen vapaamuotoisempiin keskustelu- ja tiedotusryhmiin.&nbsp;<\/p>\n\n\n\n<p>J\u00e4senrekisterin tietoja s\u00e4ilytet\u00e4\u00e4n niin kauan kuin yhdistyksen j\u00e4senyys on voimassa tai enint\u00e4\u00e4n kaksi vuotta viimeisimm\u00e4n j\u00e4senmaksulaskun maksamisesta, mink\u00e4 j\u00e4lkeen yhdistyksen j\u00e4senyyden katsotaan p\u00e4\u00e4ttyneeksi. Rekister\u00f6idyn henkil\u00f6n tiedot poistetaan pysyv\u00e4sti viimeist\u00e4\u00e4n kuuden kuukauden kuluttua siit\u00e4, kun j\u00e4senyys on p\u00e4\u00e4ttynyt.<\/p>\n\n\n\n<p>Verkkosivuston vierailijoiden IP-osoitteita ja palvelun toiminnalle v\u00e4ltt\u00e4m\u00e4tt\u00f6mi\u00e4 ev\u00e4steit\u00e4 k\u00e4sitell\u00e4\u00e4n oikeutetun edun perusteella mm. tietoturvasta huolehtimiseksi ja sivuston vierailijoiden tilastotietojen keruuta varten niiss\u00e4 tapauksissa, kun niiden voidaan katsoa olevan henkil\u00f6tietoja. Kolmansien osapuolten ev\u00e4steille pyydet\u00e4\u00e4n tarvittaessa suostumus erikseen.<\/p>\n\n\n\n<h3 class=\"wp-block-heading\"><strong>6. S\u00e4\u00e4nn\u00f6nmukaiset tietol\u00e4hteet<\/strong><\/h3>\n\n\n\n<p>Rekisteriin tallennettavat tiedot saadaan j\u00e4senille l\u00e4hetetyist\u00e4 lomakkeista, viesteist\u00e4, s\u00e4hk\u00f6postitse, puhelimitse, sosiaalisen median palvelujen kautta, sopimuksista, tapaamisista ja muista tilanteista, joissa j\u00e4sen luovuttaa tietojaan.<\/p>\n\n\n\n<p>Yritysten ja muiden organisaatioiden yhteyshenkil\u00f6iden tietoja voidaan ker\u00e4t\u00e4 my\u00f6s julkisista l\u00e4hteist\u00e4 kuten verkkosivuilta, hakemistopalveluista ja muilta yrityksilt\u00e4.<\/p>\n\n\n\n<h3 class=\"wp-block-heading\"><strong>7. Tietojen s\u00e4\u00e4nn\u00f6nmukaiset luovutukset ja tietojen siirto EU:n tai ETA:n ulkopuolelle<\/strong><\/h3>\n\n\n\n<p>Tietoja ei luovuteta s\u00e4\u00e4nn\u00f6nmukaisesti muille tahoille. Tietoja voidaan julkaista silt\u00e4 osin kuin niin on sovittu henkil\u00f6n kanssa.<\/p>\n\n\n\n<h3 class=\"wp-block-heading\"><strong>8. Rekisterin suojauksen periaatteet<\/strong><\/h3>\n\n\n\n<p>Rekisterin k\u00e4sittelyss\u00e4 noudatetaan huolellisuutta ja tietoj\u00e4rjestelmien avulla k\u00e4sitelt\u00e4v\u00e4t tiedot suojataan asianmukaisesti. Kun rekisteritietoja s\u00e4ilytet\u00e4\u00e4n Internet-palvelimilla, niiden laitteiston fyysisest\u00e4 ja digitaalisesta tietoturvasta huolehditaan asiaankuuluvasti.<\/p>\n\n\n\n<p>Rekisterinpit\u00e4j\u00e4 huolehtii siit\u00e4, ett\u00e4 tallennettuja tietoja sek\u00e4 palvelimien k\u00e4ytt\u00f6oikeuksia ja muita henkil\u00f6tietojen turvallisuuden kannalta kriittisi\u00e4 tietoja k\u00e4sitell\u00e4\u00e4n luottamuksellisesti ja vain niiden rekisterinpit\u00e4jien nime\u00e4mien vastuuhenkil\u00f6iden toimesta, joiden teht\u00e4v\u00e4\u00e4n se kuuluu.&nbsp;<\/p>\n\n\n\n<h3 class=\"wp-block-heading\"><strong>9. Tarkastusoikeus ja oikeus vaatia tiedon korjaamista<\/strong><\/h3>\n\n\n\n<p>Jokaisella rekisteriss\u00e4 olevalla henkil\u00f6ll\u00e4 on oikeus tarkistaa rekisteriin tallennetut tietonsa ja vaatia mahdollisen virheellisen tiedon korjaamista tai puutteellisen tiedon t\u00e4ydent\u00e4mist\u00e4. Mik\u00e4li henkil\u00f6 haluaa tarkistaa h\u00e4nest\u00e4 tallennetut tiedot tai vaatia niihin oikaisua, pyynt\u00f6 tulee l\u00e4hett\u00e4\u00e4 rekisterinpit\u00e4j\u00e4lle. Rekisterinpit\u00e4j\u00e4 voi pyyt\u00e4\u00e4 tarvittaessa pyynn\u00f6n esitt\u00e4j\u00e4\u00e4 todistamaan henkil\u00f6llisyytens\u00e4. Rekisterinpit\u00e4j\u00e4 vastaa rekister\u00f6idylle henkil\u00f6lle EU:n tietosuoja-asetuksessa s\u00e4\u00e4detyss\u00e4 ajassa (p\u00e4\u00e4s\u00e4\u00e4nt\u00f6isesti kuukauden kuluessa).&nbsp;<\/p>\n\n\n\n<h3 class=\"wp-block-heading\"><\/h3>\n\n\n\n<h3 class=\"wp-block-heading\"><strong>10. Muut henkil\u00f6tietojen k\u00e4sittelyyn liittyv\u00e4t oikeudet<\/strong><\/h3>\n\n\n\n<p>Rekisteriss\u00e4 olevalla henkil\u00f6ll\u00e4 on oikeus pyyt\u00e4\u00e4 h\u00e4nt\u00e4 koskevien henkil\u00f6tietojen poistamiseen rekisterist\u00e4 (&#8220;oikeus tulla unohdetuksi&#8221;). Niin ik\u00e4\u00e4n rekister\u00f6idyill\u00e4 on muut<a href=\"http:\/\/eur-lex.europa.eu\/legal-content\/FI\/TXT\/?uri=CELEX%3A32016R0679#d1e2144-1-1\"> EU:n yleisen tietosuoja-asetuksen mukaiset oikeudet<\/a> kuten henkil\u00f6tietojen k\u00e4sittelyn rajoittaminen tietyiss\u00e4 tilanteissa. Pyynn\u00f6t tulee l\u00e4hett\u00e4\u00e4 rekisterinpit\u00e4j\u00e4lle. Rekisterinpit\u00e4j\u00e4 voi pyyt\u00e4\u00e4 tarvittaessa pyynn\u00f6n esitt\u00e4j\u00e4\u00e4 todistamaan henkil\u00f6llisyytens\u00e4. Rekisterinpit\u00e4j\u00e4 vastaa rekister\u00f6idylle henkil\u00f6lle EU:n tietosuoja-asetuksessa s\u00e4\u00e4detyss\u00e4 ajassa (p\u00e4\u00e4s\u00e4\u00e4nt\u00f6isesti kuukauden kuluessa).<\/p>\n","protected":false},"excerpt":{"rendered":"<p>Rekisteri- ja tietosuojaseloste&nbsp; T\u00e4m\u00e4 on Oulun jalankulkijat ry EU:n yleisen tietosuoja-asetuksen (GDPR) mukainen rekisteri- ja tietosuojaseloste. Laadittu 29.6.2025.&nbsp;&nbsp; 1. Rekisterinpit\u00e4j\u00e4 Oulun jalankulkijat ry Y-tunnus: 3510287-5 www.oulunjalankulkijat.fi 2. Rekisterist\u00e4 vastaava yhteyshenkil\u00f6 Yhdistyksen tietosuojavastaava tietosuojavastaava@oulunjalankulkijat.fi. 3. Rekisterin nimi Oulun jalankulkijat ry:n j\u00e4senrekisteri &nbsp;4. Oikeusperuste ja henkil\u00f6tietojen k\u00e4sittelyn tarkoitus EU:n yleisen tietosuoja-asetuksen mukainen oikeusperuste henkil\u00f6tietojen k\u00e4sittelylle on: -J\u00e4rjest\u00f6n [&hellip;]<\/p>\n","protected":false},"author":1,"featured_media":0,"parent":0,"menu_order":0,"comment_status":"closed","ping_status":"closed","template":"","meta":{"footnotes":""},"class_list":["post-56","page","type-page","status-publish","hentry"],"_links":{"self":[{"href":"https:\/\/oulunjalankulkijat.fi\/index.php\/wp-json\/wp\/v2\/pages\/56","targetHints":{"allow":["GET"]}}],"collection":[{"href":"https:\/\/oulunjalankulkijat.fi\/index.php\/wp-json\/wp\/v2\/pages"}],"about":[{"href":"https:\/\/oulunjalankulkijat.fi\/index.php\/wp-json\/wp\/v2\/types\/page"}],"author":[{"embeddable":true,"href":"https:\/\/oulunjalankulkijat.fi\/index.php\/wp-json\/wp\/v2\/users\/1"}],"replies":[{"embeddable":true,"href":"https:\/\/oulunjalankulkijat.fi\/index.php\/wp-json\/wp\/v2\/comments?post=56"}],"version-history":[{"count":1,"href":"https:\/\/oulunjalankulkijat.fi\/index.php\/wp-json\/wp\/v2\/pages\/56\/revisions"}],"predecessor-version":[{"id":57,"href":"https:\/\/oulunjalankulkijat.fi\/index.php\/wp-json\/wp\/v2\/pages\/56\/revisions\/57"}],"wp:attachment":[{"href":"https:\/\/oulunjalankulkijat.fi\/index.php\/wp-json\/wp\/v2\/media?parent=56"}],"curies":[{"name":"wp","href":"https:\/\/api.w.org\/{rel}","templated":true}]}}